{"id":12,"date":"2025-02-26T23:37:38","date_gmt":"2025-02-26T22:37:38","guid":{"rendered":"https:\/\/www.spotogio.com\/?page_id=12"},"modified":"2025-02-27T20:03:15","modified_gmt":"2025-02-27T19:03:15","slug":"accueil","status":"publish","type":"page","link":"https:\/\/www.spotogio.com\/","title":{"rendered":"QUI SOMMES-NOUS ?"},"content":{"rendered":"\n<p class=\"has-medium-font-size\"><strong>Nous vous offrons la possibilit\u00e9\u0301 de r\u00e9aliser tous vos projets pour construire ou r\u00e9nover votre maison sans vous soucier de toutes les d\u00e9marches et de g\u00e9rer les diff\u00e9rents corps de m\u00e9tier pour vous.<\/strong><\/p>\n\n\n\n<p class=\"has-medium-font-size\"><strong>Au vu de l\u2019exp\u00e9rience dans le domaine depuis des ann\u00e9es, nous avons pu s\u00e9lectionner les meilleurs partenaires pour les diff\u00e9rents types de travaux \u00e0 r\u00e9aliser de la construction au parach\u00e8vement&nbsp;jusqu\u2019aux techniques sp\u00e9ciales du b\u00e2timent tel que le chauffage, le sanitaire, la ventilation, la climatisation et l\u2019\u00e9lectricit\u00e9.<\/strong><\/p>\n\n\n\n<p class=\"has-medium-font-size\"><strong>Nos partenaires ont \u00e9t\u00e9 s\u00e9lectionn\u00e9s sur base de leur professionnalisme, leur exp\u00e9rience, leurs prix comp\u00e9titifs et surtout un service client avant et apr\u00e8s le chantier.<\/strong><\/p>\n\n\n\n<p class=\"has-medium-font-size\"><strong>Nous vous offrons un service de A \u00e0 Z, de la construction, de la r\u00e9novation ou d\u2019une extension jusqu\u2019\u00e0 la finition!<\/strong><\/p>\n\n\n\n<p class=\"has-medium-font-size\"><strong>Nous pouvons \u00e9galement vous offrir un service de nettoyage complet \u00e0 la fin du chantier afin que vous puissiez juste profiter d\u2019entrer dans votre nouvelle demeure sans vous soucier de rien.<\/strong><\/p>\n\n\n\n<p class=\"has-medium-font-size\"><strong>SPOTOGIO vous garantit son expertise et son exigence \u00e0 votre service.<\/strong><\/p>\n\n\n\n<p class=\"has-medium-font-size\"><strong>Nos clients sont notre priorit\u00e9 chaque jours et votre satisfaction fait la force et la renomm\u00e9e de notre entreprise\u2026<\/strong><\/p>\n\n\n\n<p class=\"has-medium-font-size\"><strong>Vous avez encore des questions ou vous souhaitez r\u00e9aliser un projet ? <\/strong><\/p>\n\n\n\n<p class=\"has-medium-font-size\"><strong>N\u2019h\u00e9sitez pas \u00e0 nous contacter ou se rencontrer en notre bureau d\u2019\u00e9tude.<\/strong><\/p>\n\n\n\n<p class=\"has-medium-font-size\"><\/p>\n","protected":false},"excerpt":{"rendered":"<p>Nous vous offrons la possibilit\u00e9\u0301 de r\u00e9aliser tous vos projets pour construire ou r\u00e9nover votre maison sans vous soucier de toutes les d\u00e9marches et de g\u00e9rer les diff\u00e9rents corps de m\u00e9tier pour vous. Au vu de l\u2019exp\u00e9rience dans le domaine depuis des ann\u00e9es, nous avons pu s\u00e9lectionner les meilleurs partenaires pour les diff\u00e9rents types de &hellip; <\/p>\n<p class=\"link-more\"><a href=\"https:\/\/www.spotogio.com\/\" class=\"more-link\">Lire la suite de<span class=\"screen-reader-text\">\u00ab\u00a0QUI SOMMES-NOUS ?\u00a0\u00bb<\/span><\/a><\/p>\n","protected":false},"author":1,"featured_media":0,"parent":0,"menu_order":0,"comment_status":"closed","ping_status":"closed","template":"","meta":{"footnotes":""},"class_list":["post-12","page","type-page","status-publish","hentry"],"_links":{"self":[{"href":"https:\/\/www.spotogio.com\/index.php\/wp-json\/wp\/v2\/pages\/12","targetHints":{"allow":["GET"]}}],"collection":[{"href":"https:\/\/www.spotogio.com\/index.php\/wp-json\/wp\/v2\/pages"}],"about":[{"href":"https:\/\/www.spotogio.com\/index.php\/wp-json\/wp\/v2\/types\/page"}],"author":[{"embeddable":true,"href":"https:\/\/www.spotogio.com\/index.php\/wp-json\/wp\/v2\/users\/1"}],"replies":[{"embeddable":true,"href":"https:\/\/www.spotogio.com\/index.php\/wp-json\/wp\/v2\/comments?post=12"}],"version-history":[{"count":14,"href":"https:\/\/www.spotogio.com\/index.php\/wp-json\/wp\/v2\/pages\/12\/revisions"}],"predecessor-version":[{"id":113,"href":"https:\/\/www.spotogio.com\/index.php\/wp-json\/wp\/v2\/pages\/12\/revisions\/113"}],"wp:attachment":[{"href":"https:\/\/www.spotogio.com\/index.php\/wp-json\/wp\/v2\/media?parent=12"}],"curies":[{"name":"wp","href":"https:\/\/api.w.org\/{rel}","templated":true}]}}